{"id":61,"date":"2016-08-27T12:58:53","date_gmt":"2016-08-27T12:58:53","guid":{"rendered":"https:\/\/szemlo-hegyi-barlang.hu\/?page_id=61"},"modified":"2026-03-08T15:10:29","modified_gmt":"2026-03-08T15:10:29","slug":"belepojegy-arak","status":"publish","type":"page","link":"https:\/\/szemlo-hegyi-barlang.hu\/?page_id=61&lang=hu","title":{"rendered":"Bel\u00e9p\u0151jegy \u00e1rak"},"content":{"rendered":"<p style=\"text-align: center;\"><a href=\"https:\/\/szemlo-hegyi-barlang.hu\/wp-content\/uploads\/2014\/03\/szepkartya_logo.png\"><img loading=\"lazy\" decoding=\"async\" class=\" size-medium wp-image-66 alignleft\" src=\"https:\/\/szemlo-hegyi-barlang.hu\/wp-content\/uploads\/2014\/03\/szepkartya_logo-300x261.png\" alt=\"szepkartya_logo\" width=\"300\" height=\"261\" srcset=\"https:\/\/szemlo-hegyi-barlang.hu\/wp-content\/uploads\/2014\/03\/szepkartya_logo-300x261.png 300w, https:\/\/szemlo-hegyi-barlang.hu\/wp-content\/uploads\/2014\/03\/szepkartya_logo.png 500w\" sizes=\"auto, (max-width: 300px) 100vw, 300px\" \/><\/a><\/p>\n<p><a href=\"https:\/\/szemlo-hegyi-barlang.hu\/wp-content\/uploads\/2014\/03\/celsius_2.png\"><img loading=\"lazy\" decoding=\"async\" class=\" size-medium wp-image-97 aligncenter\" src=\"https:\/\/szemlo-hegyi-barlang.hu\/wp-content\/uploads\/2014\/03\/celsius_2-300x58.png\" alt=\"celsius_2\" width=\"300\" height=\"58\" srcset=\"https:\/\/szemlo-hegyi-barlang.hu\/wp-content\/uploads\/2014\/03\/celsius_2-300x58.png 300w, https:\/\/szemlo-hegyi-barlang.hu\/wp-content\/uploads\/2014\/03\/celsius_2.png 474w\" sizes=\"auto, (max-width: 300px) 100vw, 300px\" \/><\/a><\/p>\n<p>&nbsp;<\/p>\n<p>&nbsp;<\/p>\n<p>&nbsp;<\/p>\n<p>&nbsp;<\/p>\n<p>&nbsp;<\/p>\n<p>&nbsp;<\/p>\n<p>&nbsp;<\/p>\n<h3 style=\"font-weight: 600;\">Bel\u00e9p\u0151jegy<\/h3>\n<table style=\"height: 623px;\" width=\"1141\">\n<thead>\n<tr>\n<th>Megnevez\u00e9s<\/th>\n<th>\u00a0Teljes \u00e1r\u00fa.<\/th>\n<th>Kedvezm\u00e9nyes<\/th>\n<\/tr>\n<\/thead>\n<tbody>\n<tr>\n<td>Alapt\u00fara (kb. 40 perc)<\/td>\n<td>3 900Ft\/f\u0151<\/td>\n<td>2 800Ft\/f\u0151<\/td>\n<\/tr>\n<tr>\n<td>Kombin\u00e1lt jegy (a P\u00e1l-v\u00f6lgyi-barlangba is \u00e9rv\u00e9nyes)<\/td>\n<td>5 900Ft\/f\u0151<\/td>\n<td>4 700 Ft\/f\u0151<\/td>\n<\/tr>\n<tr>\n<td>Kihelyezett f\u00f6ldrajz\u00f3ra csoportoknak (csak h\u00e9tk\u00f6znap, 3 \u00f3ra, min 10, max. 30 f\u0151) Szakvezet\u00e9si d\u00edj fel\u00e1r (a mindenkori \u00e9rv\u00e9nyes bel\u00e9p\u0151jegy \u00e1r\u00e1n fel\u00fcl)<\/td>\n<td>.<\/td>\n<td>26 000 Ft\/csop<\/td>\n<\/tr>\n<tr>\n<td>Regisztr\u00e1ci\u00f3s jegy<\/td>\n<td>.<\/td>\n<td>200 Ft\/f\u0151<\/td>\n<\/tr>\n<tr>\n<td>VIP d\u00edj (a bel\u00e9p\u0151jegy \u00e1r\u00e1n fel\u00fcl) priv\u00e1t csoportok r\u00e9sz\u00e9re*<\/td>\n<td>16 000 Ft<\/td>\n<td>.<\/td>\n<\/tr>\n<tr>\n<td>Alapt\u00fara HungaryCarddal (15 % kedvezm\u00e9ny)<\/td>\n<td>3 100Ft\/f\u0151<\/td>\n<td>2 400 Ft\/f\u0151<\/td>\n<\/tr>\n<tr>\n<td>Szakmai vezet\u00e9s (1,5 \u00f3ra,min.10 f\u0151,el\u0151re bejelentkez\u00e9ssel) \u2013 A szakmai vezet\u00e9s sor\u00e1n a l\u00e1togat\u00f3k a hagyom\u00e1nyos t\u00far\u00e1n\u00e1l r\u00e9szletesebben ismerkedhetnek meg a barlang kialakul\u00e1s\u00e1val, f\u00f6ldtani viszonyaival, \u00e1sv\u00e1nykiv\u00e1l\u00e1saival \u00e9s felt\u00e1r\u00e1s\u00e1nak t\u00f6rt\u00e9net\u00e9vel.<\/td>\n<td>6 400Ft\/f\u0151<\/td>\n<td>5 200 Ft\/f\u0151<\/td>\n<\/tr>\n<tr>\n<td>T\u00e9li csoportkedvezm\u00e9nyes jegy (14 \u2013 30 f\u0151)<\/td>\n<td>.<\/td>\n<td>36000Ft\/csoport<\/td>\n<\/tr>\n<tr>\n<td>T\u00e9li csoportkedvezm\u00e9nyes jegy (10 \u2013 13 f\u0151)<\/td>\n<td>.<\/td>\n<td>2 600 Ft\/f\u0151<\/td>\n<\/tr>\n<tr>\n<td>Szolidarit\u00e1si jegy<\/td>\n<td>.<\/td>\n<td>1000 Ft\/f\u0151<\/td>\n<\/tr>\n<tr>\n<td>&#8222;AM&#8221; jegy<\/td>\n<td>.<\/td>\n<td>200 Ft\/f\u0151<\/td>\n<\/tr>\n<\/tbody>\n<\/table>\n<p>A\u00a0<b><strong>t\u00e9li csoportkedvezm\u00e9ny<\/strong><\/b>\u00a010 f\u0151 feletti l\u00e9tsz\u00e1m\u00fa, legal\u00e1bb 24 \u00f3r\u00e1val kor\u00e1bban bejelentkezett csoportok r\u00e9sz\u00e9re, helysz\u00edni fizet\u00e9ssel \u00e9s csak iskolai tan\u00edt\u00e1si napokon vehet\u0151 ig\u00e9nybe december 1. \u00e9s febru\u00e1r utols\u00f3 napja k\u00f6z\u00f6tt. A t\u00e9li csoportkedvezm\u00e9ny m\u00e1s kedvezm\u00e9nnyel nem vonhat\u00f3 \u00f6ssze.<\/p>\n<p><em>*Csak el\u0151zetes egyeztet\u00e9ssel \u2013 angol nyelv\u0171 vezet\u00e9s k\u00e9rhet\u0151, tolm\u00e1csol\u00e1s lehets\u00e9ges, egyeztet\u00e9s szerint nyitvatart\u00e1si id\u0151n k\u00edv\u00fcl is.<\/em><\/p>\n<p><b><strong>Fizet\u00e9si m\u00f3dok:<\/strong><\/b>\u00a0k\u00e9szp\u00e9nz, bankk\u00e1rtya, SZ\u00c9P K\u00e1rtya (K&amp;H, MKB, OTP; valamennyi zseb\u00a0\u2013 csak bel\u00e9p\u0151jegyek, ill. r\u00e9szv\u00e9teli d\u00edjak eset\u00e9n).<b><\/b><\/p>\n<p>Regisztr\u00e1ci\u00f3s jegy v\u00e1s\u00e1rl\u00e1s\u00e1ra jogosultak:<\/p>\n<ul>\n<li style=\"list-style-type: none;\">\n<ul>\n<li>3 \u00e9ven aluliak;<\/li>\n<\/ul>\n<\/li>\n<\/ul>\n<ul>\n<li style=\"list-style-type: none;\">\n<ul>\n<li>a DINPI, \u00e9s a t\u00f6bbi hazai nemzeti park igazgat\u00f3s\u00e1g dolgoz\u00f3i \u00e9s k\u00f6zeli hozz\u00e1tartoz\u00f3ik,<\/li>\n<\/ul>\n<\/li>\n<\/ul>\n<ul>\n<li style=\"list-style-type: none;\">\n<ul>\n<li>Ifj\u00fa K\u00f3csag\u0151r jelv\u00e9nnyel rendelkez\u0151k,<\/li>\n<\/ul>\n<\/li>\n<\/ul>\n<ul>\n<li style=\"list-style-type: none;\">\n<ul>\n<li>min. 10 f\u0151s gyerekcsoportot k\u00eds\u00e9r\u0151 pedag\u00f3gusok (iskol\u00e1s csop. eset\u00e9n max. 2 f\u0151).<\/li>\n<\/ul>\n<\/li>\n<\/ul>\n<p><b><strong>Szolidarit\u00e1si jegy v\u00e1s\u00e1rl\u00e1s\u00e1ra jogosultak:<\/strong><\/b>\u00a0fogyat\u00e9kkal \u00e9l\u0151k az al\u00e1bbi dokumentumok valamelyik\u00e9nek felmutat\u00e1s\u00e1val:<\/p>\n<ul>\n<li style=\"list-style-type: none;\">\n<ul>\n<li>a fogyat\u00e9koss\u00e1gi t\u00e1mogat\u00e1sra jogosultnak ki\u00e1ll\u00edtott hat\u00f3s\u00e1gi igazolv\u00e1ny,<\/li>\n<\/ul>\n<\/li>\n<\/ul>\n<ul>\n<li style=\"list-style-type: none;\">\n<ul>\n<li>a Siketek \u00e9s Nagyothall\u00f3k Orsz\u00e1gos Sz\u00f6vets\u00e9g\u00e9nek (SINOSZ),<\/li>\n<\/ul>\n<\/li>\n<\/ul>\n<ul>\n<li style=\"list-style-type: none;\">\n<ul>\n<li>a Magyar Vakok \u00e9s Gyeng\u00e9nl\u00e1t\u00f3k Orsz\u00e1gos Sz\u00f6vets\u00e9g\u00e9nek (MVGYOSZ),<\/li>\n<\/ul>\n<\/li>\n<\/ul>\n<ul>\n<li style=\"list-style-type: none;\">\n<ul>\n<li>a Mozg\u00e1skorl\u00e1tozottak Egyes\u00fcleteinek Orsz\u00e1gos Sz\u00f6vets\u00e9g\u00e9nek (MEOSZ),<\/li>\n<\/ul>\n<\/li>\n<\/ul>\n<ul>\n<li style=\"list-style-type: none;\">\n<ul>\n<li>az \u00c9rtelmi Fogyat\u00e9koss\u00e1ggal \u00c9l\u0151k \u00e9s Seg\u00edt\u0151ik Orsz\u00e1gos \u00c9rdekv\u00e9delmi Sz\u00f6vets\u00e9g\u00e9nek (\u00c9FO\u00c9SZ),<\/li>\n<\/ul>\n<\/li>\n<\/ul>\n<ul>\n<li style=\"list-style-type: none;\">\n<ul>\n<li>a Siketvakok Orsz\u00e1gos Egyes\u00fclet\u00e9nek (SVOE),<\/li>\n<\/ul>\n<\/li>\n<\/ul>\n<ul>\n<li style=\"list-style-type: none;\">\n<ul>\n<li>az Autist\u00e1k Orsz\u00e1gos Sz\u00f6vets\u00e9g\u00e9nek (AOSZ) tags\u00e1gi igazolv\u00e1nya.<\/li>\n<\/ul>\n<\/li>\n<\/ul>\n<p>valamint k\u00eds\u00e9r\u0151j\u00fck (1 f\u0151)<\/p>\n<p><em>Az emelt csal\u00e1di p\u00f3tl\u00e9kr\u00f3l sz\u00f3l\u00f3 M\u00c1K-k\u00e1rtya \u00f6nmag\u00e1ban nem biztos\u00edt kedvezm\u00e9nyes bel\u00e9p\u00e9st.<\/em><\/p>\n<p><b><strong>&#8222;AM jegy&#8221; v\u00e1s\u00e1rl\u00e1s\u00e1ra jogosultak:<\/strong><\/b>\u00a0az Agr\u00e1rminiszt\u00e9rium dolgoz\u00f3i \u00e9s 18 \u00e9v alatti gyermekeik, egy h\u00e1ztart\u00e1sban \u00e9l\u0151 h\u00e1zast\u00e1rsaik. A kedvezm\u00e9ny az azt ig\u00e9nybe vev\u0151 sz\u00e1m\u00e1ra ki\u00e1ll\u00edtott, \u00e9rv\u00e9nyes AM bel\u00e9p\u0151k\u00e1rtya szem\u00e9lyes bemutat\u00e1s\u00e1val vehet\u0151 ig\u00e9nybe.<\/p>\n<p><b><strong>KEDVEZM\u00c9NYEK:<br \/>\n<\/strong><\/b><br \/>\nKedvezm\u00e9nyes jegyv\u00e1s\u00e1rl\u00e1sra jogosultak: nyugd\u00edjas, gyerek, di\u00e1k, pedag\u00f3gus, k\u00e9t-vagy t\u00f6bbgyermekes csal\u00e1dok\u00a0<b><strong>(ebbe a kedvezm\u00e9nyes gyermekjegyet v\u00e1s\u00e1rl\u00f3k \u00e9rtend\u0151k bele, a regisztr\u00e1ci\u00f3s jegyesek nem!)\u00a0<\/strong><\/b>\u00a0 eset\u00e9n a k\u00eds\u00e9r\u0151 feln\u0151ttek (max. 2 f\u0151), valamint 10 f\u0151 feletti iskol\u00e1s \u00e9s \u00f3vod\u00e1s csoportok eset\u00e9n minden k\u00eds\u00e9r\u0151 feln\u0151tt.<\/p>\n<p><em>El\u0151re bejelentkezett iskolai csoportoknak h\u00e9tk\u00f6znapokon 10 %-os kedvezm\u00e9nyt ny\u00fajtunk a bel\u00e9p\u0151jegy \u00e1r\u00e1b\u00f3l.<\/em><\/p>\n<p>A kedvezm\u00e9nyek nem \u00f6sszevonhat\u00f3ak.<br \/>\n<b><strong><br \/>\nKombin\u00e1lt bel\u00e9p\u0151jegy:\u00a0<\/strong><\/b>\u00e9rv\u00e9nyes a Szeml\u0151-hegyi- \u00e9s a P\u00e1l-v\u00f6lgyi-barlangba is. Felhaszn\u00e1lhat\u00f3 a bel\u00e9p\u0151jegy megv\u00e1s\u00e1rl\u00e1s\u00e1t\u00f3l sz\u00e1m\u00edtott 1 \u00e9ven bel\u00fcl.<\/p>\n<p>\u00c1LTAL\u00c1NOSS\u00c1GBAN: a bemutat\u00f3helyeken, programokon, szakvezet\u00e9seken a fenti kedvezm\u00e9nyeket csak a kedvezm\u00e9nyre jogos\u00edt\u00f3 \u00e9rv\u00e9nyes igazolv\u00e1nyok, teh\u00e1t di\u00e1kigazolv\u00e1ny (csak \u00e9rv\u00e9nyes nappali, valamint nemzetk\u00f6zi di\u00e1kigazolv\u00e1nnyal), nyugd\u00edjas-szelv\u00e9ny, lakc\u00edmk\u00e1rtya, pedag\u00f3gus igazolv\u00e1ny, nemzeti parki igazolv\u00e1ny, MABOSZ igazolv\u00e1ny bemutat\u00e1sa eset\u00e9n lehet ny\u00fajtani.<\/p>\n","protected":false},"excerpt":{"rendered":"<p>&nbsp; &nbsp; &nbsp; &nbsp; &nbsp; &nbsp; &nbsp; Bel\u00e9p\u0151jegy Megnevez\u00e9s \u00a0Teljes \u00e1r\u00fa. Kedvezm\u00e9nyes Alapt\u00fara (kb. 40 perc) 3 900Ft\/f\u0151 2 800Ft\/f\u0151 Kombin\u00e1lt jegy (a P\u00e1l-v\u00f6lgyi-barlangba is \u00e9rv\u00e9nyes) 5 900Ft\/f\u0151 4 700 Ft\/f\u0151 Kihelyezett f\u00f6ldrajz\u00f3ra csoportoknak (csak h\u00e9tk\u00f6znap, 3 \u00f3ra, min 10, max. 30 f\u0151) Szakvezet\u00e9si d\u00edj fel\u00e1r (a mindenkori \u00e9rv\u00e9nyes bel\u00e9p\u0151jegy \u00e1r\u00e1n fel\u00fcl) . 26 000 [&hellip;]<\/p>\n","protected":false},"author":1,"featured_media":0,"parent":0,"menu_order":0,"comment_status":"closed","ping_status":"closed","template":"","meta":{"footnotes":""},"class_list":["post-61","page","type-page","status-publish","czr-hentry"],"_links":{"self":[{"href":"https:\/\/szemlo-hegyi-barlang.hu\/index.php?rest_route=\/wp\/v2\/pages\/61","targetHints":{"allow":["GET"]}}],"collection":[{"href":"https:\/\/szemlo-hegyi-barlang.hu\/index.php?rest_route=\/wp\/v2\/pages"}],"about":[{"href":"https:\/\/szemlo-hegyi-barlang.hu\/index.php?rest_route=\/wp\/v2\/types\/page"}],"author":[{"embeddable":true,"href":"https:\/\/szemlo-hegyi-barlang.hu\/index.php?rest_route=\/wp\/v2\/users\/1"}],"replies":[{"embeddable":true,"href":"https:\/\/szemlo-hegyi-barlang.hu\/index.php?rest_route=%2Fwp%2Fv2%2Fcomments&post=61"}],"version-history":[{"count":41,"href":"https:\/\/szemlo-hegyi-barlang.hu\/index.php?rest_route=\/wp\/v2\/pages\/61\/revisions"}],"predecessor-version":[{"id":1231,"href":"https:\/\/szemlo-hegyi-barlang.hu\/index.php?rest_route=\/wp\/v2\/pages\/61\/revisions\/1231"}],"wp:attachment":[{"href":"https:\/\/szemlo-hegyi-barlang.hu\/index.php?rest_route=%2Fwp%2Fv2%2Fmedia&parent=61"}],"curies":[{"name":"wp","href":"https:\/\/api.w.org\/{rel}","templated":true}]}}