{"id":295,"date":"2016-08-22T12:58:52","date_gmt":"2016-08-22T12:58:52","guid":{"rendered":"https:\/\/szemlo-hegyi-barlang.hu\/?page_id=295"},"modified":"2016-08-22T12:58:52","modified_gmt":"2016-08-22T12:58:52","slug":"punktchen-saal","status":"publish","type":"page","link":"https:\/\/szemlo-hegyi-barlang.hu\/?page_id=295&lang=de","title":{"rendered":"P\u00fcnktchen-Saal"},"content":{"rendered":"<p>Wenn man durch den Tunnel durchkriecht, kann man zur Seite schauend, einen Raum sehen, der in seinem nat\u00fcrlichen Zustand belassen wurde. Hier kann man sehr gut beobachten, wie sehr der Boden der H\u00f6hle, vor ihrem Ausbau voller Tr\u00fcmmer und Lehm war. An den W\u00e4nden zeichnen sich die gel\u00f6sten Formen ab, die von Thermalwasser geschaffen wurden und den Namen Kugel-Nische erhalten haben, ebenso auch Mineralablagerungen, die wegen ihrer au\u00dferordentlichen \u00c4hnlichkeit als Blumenkohl bezeichnet werden.<\/p>\n","protected":false},"excerpt":{"rendered":"<p>Wenn man durch den Tunnel durchkriecht, kann man zur Seite schauend, einen Raum sehen, der in seinem nat\u00fcrlichen Zustand belassen wurde. Hier kann man sehr gut beobachten, wie sehr der Boden der H\u00f6hle, vor ihrem Ausbau voller Tr\u00fcmmer und Lehm war. An den W\u00e4nden zeichnen sich die gel\u00f6sten Formen ab, die von Thermalwasser geschaffen wurden [&hellip;]<\/p>\n","protected":false},"author":1,"featured_media":0,"parent":0,"menu_order":0,"comment_status":"closed","ping_status":"closed","template":"","meta":{"footnotes":""},"class_list":["post-295","page","type-page","status-publish","czr-hentry"],"_links":{"self":[{"href":"https:\/\/szemlo-hegyi-barlang.hu\/index.php?rest_route=\/wp\/v2\/pages\/295","targetHints":{"allow":["GET"]}}],"collection":[{"href":"https:\/\/szemlo-hegyi-barlang.hu\/index.php?rest_route=\/wp\/v2\/pages"}],"about":[{"href":"https:\/\/szemlo-hegyi-barlang.hu\/index.php?rest_route=\/wp\/v2\/types\/page"}],"author":[{"embeddable":true,"href":"https:\/\/szemlo-hegyi-barlang.hu\/index.php?rest_route=\/wp\/v2\/users\/1"}],"replies":[{"embeddable":true,"href":"https:\/\/szemlo-hegyi-barlang.hu\/index.php?rest_route=%2Fwp%2Fv2%2Fcomments&post=295"}],"version-history":[{"count":1,"href":"https:\/\/szemlo-hegyi-barlang.hu\/index.php?rest_route=\/wp\/v2\/pages\/295\/revisions"}],"predecessor-version":[{"id":296,"href":"https:\/\/szemlo-hegyi-barlang.hu\/index.php?rest_route=\/wp\/v2\/pages\/295\/revisions\/296"}],"wp:attachment":[{"href":"https:\/\/szemlo-hegyi-barlang.hu\/index.php?rest_route=%2Fwp%2Fv2%2Fmedia&parent=295"}],"curies":[{"name":"wp","href":"https:\/\/api.w.org\/{rel}","templated":true}]}}