{"id":291,"date":"2016-08-22T12:55:57","date_gmt":"2016-08-22T12:55:57","guid":{"rendered":"https:\/\/szemlo-hegyi-barlang.hu\/?page_id=291"},"modified":"2016-08-22T12:55:57","modified_gmt":"2016-08-22T12:55:57","slug":"strudelgang","status":"publish","type":"page","link":"https:\/\/szemlo-hegyi-barlang.hu\/?page_id=291&lang=de","title":{"rendered":"Strudelgang"},"content":{"rendered":"<p>Wenn man den Riesengang zur\u00fcckgeht, sieht man an oberhalb der Treppenreihe, auf der linken Seite den Eingang zum Strudelgang. Das ist der urspr\u00fcngliche Eingang der H\u00f6hle, durch den Hubert Kessler und Andr\u00e1s Fut\u00f3 im September 1930 die H\u00f6hle entdeckt haben. Unternehmungslustige und gee\u00acignete Besucher werden manchmal auf dieser nicht ausgebauten Route, durch die urspr\u00fcngliche \u00d6ffnung der H\u00f6hle zur\u00fcck an die Erdoberfl\u00e4che gef\u00fchrt<\/p>\n","protected":false},"excerpt":{"rendered":"<p>Wenn man den Riesengang zur\u00fcckgeht, sieht man an oberhalb der Treppenreihe, auf der linken Seite den Eingang zum Strudelgang. Das ist der urspr\u00fcngliche Eingang der H\u00f6hle, durch den Hubert Kessler und Andr\u00e1s Fut\u00f3 im September 1930 die H\u00f6hle entdeckt haben. Unternehmungslustige und gee\u00acignete Besucher werden manchmal auf dieser nicht ausgebauten Route, durch die urspr\u00fcngliche \u00d6ffnung [&hellip;]<\/p>\n","protected":false},"author":1,"featured_media":0,"parent":0,"menu_order":0,"comment_status":"closed","ping_status":"closed","template":"","meta":{"footnotes":""},"class_list":["post-291","page","type-page","status-publish","czr-hentry"],"_links":{"self":[{"href":"https:\/\/szemlo-hegyi-barlang.hu\/index.php?rest_route=\/wp\/v2\/pages\/291","targetHints":{"allow":["GET"]}}],"collection":[{"href":"https:\/\/szemlo-hegyi-barlang.hu\/index.php?rest_route=\/wp\/v2\/pages"}],"about":[{"href":"https:\/\/szemlo-hegyi-barlang.hu\/index.php?rest_route=\/wp\/v2\/types\/page"}],"author":[{"embeddable":true,"href":"https:\/\/szemlo-hegyi-barlang.hu\/index.php?rest_route=\/wp\/v2\/users\/1"}],"replies":[{"embeddable":true,"href":"https:\/\/szemlo-hegyi-barlang.hu\/index.php?rest_route=%2Fwp%2Fv2%2Fcomments&post=291"}],"version-history":[{"count":1,"href":"https:\/\/szemlo-hegyi-barlang.hu\/index.php?rest_route=\/wp\/v2\/pages\/291\/revisions"}],"predecessor-version":[{"id":292,"href":"https:\/\/szemlo-hegyi-barlang.hu\/index.php?rest_route=\/wp\/v2\/pages\/291\/revisions\/292"}],"wp:attachment":[{"href":"https:\/\/szemlo-hegyi-barlang.hu\/index.php?rest_route=%2Fwp%2Fv2%2Fmedia&parent=291"}],"curies":[{"name":"wp","href":"https:\/\/api.w.org\/{rel}","templated":true}]}}