{"id":283,"date":"2016-08-22T12:45:13","date_gmt":"2016-08-22T12:45:13","guid":{"rendered":"https:\/\/szemlo-hegyi-barlang.hu\/?page_id=283"},"modified":"2016-08-22T12:45:13","modified_gmt":"2016-08-22T12:45:13","slug":"kadic-abschnitt","status":"publish","type":"page","link":"https:\/\/szemlo-hegyi-barlang.hu\/?page_id=283&lang=de","title":{"rendered":"Kadi\u010d-Abschnitt"},"content":{"rendered":"<p>An der Treppe kann man zwar nicht mehr weitergehen, aber die Leiter l\u00e4sst vermuten, dass sich dort etwas befinden muss. Der 280 Meter lange Gang wurde 1958 gefunden, er wurde nach einem der ersten wissenschaftlichen Vermesser der H\u00f6hle, Ot-tok\u00e1r Kadi\u010d, benannt. Am Ende des ausschlie\u00dflich f\u00fcr H\u00f6hlen-forscher begehbaren Ganges \u00f6ffnet sich der Parlamentssaal bzw. am Endpunkt des Abschnitts, der 50 Meter tief liegt, haben die H\u00f6hlenforscher das Herz der Erde gefunden.<\/p>\n","protected":false},"excerpt":{"rendered":"<p>An der Treppe kann man zwar nicht mehr weitergehen, aber die Leiter l\u00e4sst vermuten, dass sich dort etwas befinden muss. Der 280 Meter lange Gang wurde 1958 gefunden, er wurde nach einem der ersten wissenschaftlichen Vermesser der H\u00f6hle, Ot-tok\u00e1r Kadi\u010d, benannt. Am Ende des ausschlie\u00dflich f\u00fcr H\u00f6hlen-forscher begehbaren Ganges \u00f6ffnet sich der Parlamentssaal bzw. am [&hellip;]<\/p>\n","protected":false},"author":1,"featured_media":0,"parent":0,"menu_order":0,"comment_status":"closed","ping_status":"closed","template":"","meta":{"footnotes":""},"class_list":["post-283","page","type-page","status-publish","czr-hentry"],"_links":{"self":[{"href":"https:\/\/szemlo-hegyi-barlang.hu\/index.php?rest_route=\/wp\/v2\/pages\/283","targetHints":{"allow":["GET"]}}],"collection":[{"href":"https:\/\/szemlo-hegyi-barlang.hu\/index.php?rest_route=\/wp\/v2\/pages"}],"about":[{"href":"https:\/\/szemlo-hegyi-barlang.hu\/index.php?rest_route=\/wp\/v2\/types\/page"}],"author":[{"embeddable":true,"href":"https:\/\/szemlo-hegyi-barlang.hu\/index.php?rest_route=\/wp\/v2\/users\/1"}],"replies":[{"embeddable":true,"href":"https:\/\/szemlo-hegyi-barlang.hu\/index.php?rest_route=%2Fwp%2Fv2%2Fcomments&post=283"}],"version-history":[{"count":1,"href":"https:\/\/szemlo-hegyi-barlang.hu\/index.php?rest_route=\/wp\/v2\/pages\/283\/revisions"}],"predecessor-version":[{"id":284,"href":"https:\/\/szemlo-hegyi-barlang.hu\/index.php?rest_route=\/wp\/v2\/pages\/283\/revisions\/284"}],"wp:attachment":[{"href":"https:\/\/szemlo-hegyi-barlang.hu\/index.php?rest_route=%2Fwp%2Fv2%2Fmedia&parent=283"}],"curies":[{"name":"wp","href":"https:\/\/api.w.org\/{rel}","templated":true}]}}