{"id":279,"date":"2016-08-22T12:40:39","date_gmt":"2016-08-22T12:40:39","guid":{"rendered":"https:\/\/szemlo-hegyi-barlang.hu\/?page_id=279"},"modified":"2016-08-22T12:40:39","modified_gmt":"2016-08-22T12:40:39","slug":"franzensstadt-saal","status":"publish","type":"page","link":"https:\/\/szemlo-hegyi-barlang.hu\/?page_id=279&lang=de","title":{"rendered":"Franzensstadt-Saal"},"content":{"rendered":"<p>Die erste Station der F\u00fchrung ist der Franzensstadt-Saal. Seinen Namen hat er von der H\u00f6hlenforschergruppe erhalten, die 1973 das erste Mal hier hinein gelangt ist. Sie bew\u00e4ltigte den Weg bis hierher damals noch \u00fcber den Lehm-Abschnitt und die riesigen Gesteinstr\u00fcmmer, die sich gegen\u00fcber der jetzigen Eingangss- tahlt\u00fcr befinden. Um sich in der H\u00f6hle leichter orientieren zu k\u00f6nnen, verleihen H\u00f6hlenforscher den bedeutendsten Gebilden und Felsen Namen. Dank der regen Phantasie dieser Forscher, kann man hier die Sage von einem zwischen Eisschollen ver-sinkenden Schiff und einem schwimmenden Eisb\u00e4r sehen, die sich aus Stein und Mineralablagerungen gebildet hat. Der in der Mitte dieses Saales h\u00e4ngende, mit Erbsensteinen bedeckte Felsen tr\u00e4gt den Namen Schwiegermutter-Zunge. Daneben sieht man, der Vollst\u00e4ndigkeit halber, die kleinere Schwiegervater- Zunge oder auch anders genannt, die Zunge der jungen Frau.<\/p>\n","protected":false},"excerpt":{"rendered":"<p>Die erste Station der F\u00fchrung ist der Franzensstadt-Saal. Seinen Namen hat er von der H\u00f6hlenforschergruppe erhalten, die 1973 das erste Mal hier hinein gelangt ist. Sie bew\u00e4ltigte den Weg bis hierher damals noch \u00fcber den Lehm-Abschnitt und die riesigen Gesteinstr\u00fcmmer, die sich gegen\u00fcber der jetzigen Eingangss- tahlt\u00fcr befinden. Um sich in der H\u00f6hle leichter orientieren [&hellip;]<\/p>\n","protected":false},"author":1,"featured_media":0,"parent":0,"menu_order":0,"comment_status":"closed","ping_status":"closed","template":"","meta":{"footnotes":""},"class_list":["post-279","page","type-page","status-publish","czr-hentry"],"_links":{"self":[{"href":"https:\/\/szemlo-hegyi-barlang.hu\/index.php?rest_route=\/wp\/v2\/pages\/279","targetHints":{"allow":["GET"]}}],"collection":[{"href":"https:\/\/szemlo-hegyi-barlang.hu\/index.php?rest_route=\/wp\/v2\/pages"}],"about":[{"href":"https:\/\/szemlo-hegyi-barlang.hu\/index.php?rest_route=\/wp\/v2\/types\/page"}],"author":[{"embeddable":true,"href":"https:\/\/szemlo-hegyi-barlang.hu\/index.php?rest_route=\/wp\/v2\/users\/1"}],"replies":[{"embeddable":true,"href":"https:\/\/szemlo-hegyi-barlang.hu\/index.php?rest_route=%2Fwp%2Fv2%2Fcomments&post=279"}],"version-history":[{"count":1,"href":"https:\/\/szemlo-hegyi-barlang.hu\/index.php?rest_route=\/wp\/v2\/pages\/279\/revisions"}],"predecessor-version":[{"id":280,"href":"https:\/\/szemlo-hegyi-barlang.hu\/index.php?rest_route=\/wp\/v2\/pages\/279\/revisions\/280"}],"wp:attachment":[{"href":"https:\/\/szemlo-hegyi-barlang.hu\/index.php?rest_route=%2Fwp%2Fv2%2Fmedia&parent=279"}],"curies":[{"name":"wp","href":"https:\/\/api.w.org\/{rel}","templated":true}]}}