{"id":275,"date":"2016-08-22T12:37:33","date_gmt":"2016-08-22T12:37:33","guid":{"rendered":"https:\/\/szemlo-hegyi-barlang.hu\/?page_id=275"},"modified":"2016-08-22T12:37:33","modified_gmt":"2016-08-22T12:37:33","slug":"abzweig","status":"publish","type":"page","link":"https:\/\/szemlo-hegyi-barlang.hu\/?page_id=275&lang=de","title":{"rendered":"Abzweig"},"content":{"rendered":"<p>Von hier aus verzweigt sich der Weg, aber man kann sich nicht verirren, denn beide Wege f\u00fchren zum selben Ort. Der Weg f\u00fcr Besucher mit Rollstuhl f\u00fchrt durch den Gang auf der linken Seite, dann m\u00fcssen sie an dessen Ende, wegen der Treppe, umkehren und auf dem bisher bew\u00e4ltigten Weg ins Empfangsgeb\u00e4ude zur\u00fcckkehren.<\/p>\n","protected":false},"excerpt":{"rendered":"<p>Von hier aus verzweigt sich der Weg, aber man kann sich nicht verirren, denn beide Wege f\u00fchren zum selben Ort. Der Weg f\u00fcr Besucher mit Rollstuhl f\u00fchrt durch den Gang auf der linken Seite, dann m\u00fcssen sie an dessen Ende, wegen der Treppe, umkehren und auf dem bisher bew\u00e4ltigten Weg ins Empfangsgeb\u00e4ude zur\u00fcckkehren.<\/p>\n","protected":false},"author":1,"featured_media":0,"parent":0,"menu_order":0,"comment_status":"closed","ping_status":"closed","template":"","meta":{"footnotes":""},"class_list":["post-275","page","type-page","status-publish","czr-hentry"],"_links":{"self":[{"href":"https:\/\/szemlo-hegyi-barlang.hu\/index.php?rest_route=\/wp\/v2\/pages\/275","targetHints":{"allow":["GET"]}}],"collection":[{"href":"https:\/\/szemlo-hegyi-barlang.hu\/index.php?rest_route=\/wp\/v2\/pages"}],"about":[{"href":"https:\/\/szemlo-hegyi-barlang.hu\/index.php?rest_route=\/wp\/v2\/types\/page"}],"author":[{"embeddable":true,"href":"https:\/\/szemlo-hegyi-barlang.hu\/index.php?rest_route=\/wp\/v2\/users\/1"}],"replies":[{"embeddable":true,"href":"https:\/\/szemlo-hegyi-barlang.hu\/index.php?rest_route=%2Fwp%2Fv2%2Fcomments&post=275"}],"version-history":[{"count":1,"href":"https:\/\/szemlo-hegyi-barlang.hu\/index.php?rest_route=\/wp\/v2\/pages\/275\/revisions"}],"predecessor-version":[{"id":276,"href":"https:\/\/szemlo-hegyi-barlang.hu\/index.php?rest_route=\/wp\/v2\/pages\/275\/revisions\/276"}],"wp:attachment":[{"href":"https:\/\/szemlo-hegyi-barlang.hu\/index.php?rest_route=%2Fwp%2Fv2%2Fmedia&parent=275"}],"curies":[{"name":"wp","href":"https:\/\/api.w.org\/{rel}","templated":true}]}}