{"id":264,"date":"2016-08-22T11:32:05","date_gmt":"2016-08-22T11:32:05","guid":{"rendered":"https:\/\/szemlo-hegyi-barlang.hu\/?page_id=264"},"modified":"2016-08-22T11:34:35","modified_gmt":"2016-08-22T11:34:35","slug":"riesengang","status":"publish","type":"page","link":"https:\/\/szemlo-hegyi-barlang.hu\/?page_id=264&lang=de","title":{"rendered":"Riesengang"},"content":{"rendered":"<p><a href=\"https:\/\/szemlo-hegyi-barlang.hu\/wp-content\/uploads\/2016\/08\/Szeml\u0151-hegyi-h\u00f6hle_hexe.jpg\"><img loading=\"lazy\" decoding=\"async\" class=\"size-medium wp-image-228 alignleft\" src=\"https:\/\/szemlo-hegyi-barlang.hu\/wp-content\/uploads\/2016\/08\/Szeml\u0151-hegyi-h\u00f6hle_hexe-300x230.jpg\" alt=\"Szeml\u0151-hegyi-h\u00f6hle_hexe\" width=\"300\" height=\"230\" srcset=\"https:\/\/szemlo-hegyi-barlang.hu\/wp-content\/uploads\/2016\/08\/Szeml\u0151-hegyi-h\u00f6hle_hexe-300x230.jpg 300w, https:\/\/szemlo-hegyi-barlang.hu\/wp-content\/uploads\/2016\/08\/Szeml\u0151-hegyi-h\u00f6hle_hexe-768x588.jpg 768w, https:\/\/szemlo-hegyi-barlang.hu\/wp-content\/uploads\/2016\/08\/Szeml\u0151-hegyi-h\u00f6hle_hexe-1024x784.jpg 1024w, https:\/\/szemlo-hegyi-barlang.hu\/wp-content\/uploads\/2016\/08\/Szeml\u0151-hegyi-h\u00f6hle_hexe.jpg 1089w\" sizes=\"auto, (max-width: 300px) 100vw, 300px\" \/><\/a>Die Treppe heruntersteigend, entfaltet sich auf der rechten Seite die mit schneewei\u00dfen Gebilden reichhaltig verzierte Diamant- Nische vor dem Auge des Betrachters. In Richtung Hexenkopf schauend, kann man weit oben den K\u00f6nig der H\u00f6hle auf seinem Thron sitzend sehen, wie er gerade in einem ge\u00f6ffneten Buch liest. Am Grund des Riesenganges versperrt eine Leiter den Weg. Diese zeigt das Ende des ausgebauten, zu besichtigenden Abschnitts an. An dieser Stelle befinden wir uns, im Vergleich zum Entdecker-Eingang, in ca. 45 Meter Tiefe.<\/p>\n","protected":false},"excerpt":{"rendered":"<p>Die Treppe heruntersteigend, entfaltet sich auf der rechten Seite die mit schneewei\u00dfen Gebilden reichhaltig verzierte Diamant- Nische vor dem Auge des Betrachters. In Richtung Hexenkopf schauend, kann man weit oben den K\u00f6nig der H\u00f6hle auf seinem Thron sitzend sehen, wie er gerade in einem ge\u00f6ffneten Buch liest. Am Grund des Riesenganges versperrt eine Leiter den [&hellip;]<\/p>\n","protected":false},"author":1,"featured_media":0,"parent":0,"menu_order":0,"comment_status":"closed","ping_status":"closed","template":"","meta":{"footnotes":""},"class_list":["post-264","page","type-page","status-publish","czr-hentry"],"_links":{"self":[{"href":"https:\/\/szemlo-hegyi-barlang.hu\/index.php?rest_route=\/wp\/v2\/pages\/264","targetHints":{"allow":["GET"]}}],"collection":[{"href":"https:\/\/szemlo-hegyi-barlang.hu\/index.php?rest_route=\/wp\/v2\/pages"}],"about":[{"href":"https:\/\/szemlo-hegyi-barlang.hu\/index.php?rest_route=\/wp\/v2\/types\/page"}],"author":[{"embeddable":true,"href":"https:\/\/szemlo-hegyi-barlang.hu\/index.php?rest_route=\/wp\/v2\/users\/1"}],"replies":[{"embeddable":true,"href":"https:\/\/szemlo-hegyi-barlang.hu\/index.php?rest_route=%2Fwp%2Fv2%2Fcomments&post=264"}],"version-history":[{"count":2,"href":"https:\/\/szemlo-hegyi-barlang.hu\/index.php?rest_route=\/wp\/v2\/pages\/264\/revisions"}],"predecessor-version":[{"id":267,"href":"https:\/\/szemlo-hegyi-barlang.hu\/index.php?rest_route=\/wp\/v2\/pages\/264\/revisions\/267"}],"wp:attachment":[{"href":"https:\/\/szemlo-hegyi-barlang.hu\/index.php?rest_route=%2Fwp%2Fv2%2Fmedia&parent=264"}],"curies":[{"name":"wp","href":"https:\/\/api.w.org\/{rel}","templated":true}]}}