{"id":254,"date":"2016-08-22T09:27:42","date_gmt":"2016-08-22T09:27:42","guid":{"rendered":"https:\/\/szemlo-hegyi-barlang.hu\/?page_id=254"},"modified":"2016-08-22T09:27:42","modified_gmt":"2016-08-22T09:27:42","slug":"gebaude","status":"publish","type":"page","link":"https:\/\/szemlo-hegyi-barlang.hu\/?page_id=254&lang=de","title":{"rendered":"Geb\u00e4ude"},"content":{"rendered":"<p><a href=\"https:\/\/szemlo-hegyi-barlang.hu\/wp-content\/uploads\/2016\/08\/Szeml\u0151-hegyi-h\u00f6hle-Geb\u00e4ude.jpg\"><img loading=\"lazy\" decoding=\"async\" class=\"size-medium wp-image-251 alignleft\" src=\"https:\/\/szemlo-hegyi-barlang.hu\/wp-content\/uploads\/2016\/08\/Szeml\u0151-hegyi-h\u00f6hle-Geb\u00e4ude-300x225.jpg\" alt=\"Szeml\u0151-hegyi-h\u00f6hle Geb\u00e4ude\" width=\"300\" height=\"225\" srcset=\"https:\/\/szemlo-hegyi-barlang.hu\/wp-content\/uploads\/2016\/08\/Szeml\u0151-hegyi-h\u00f6hle-Geb\u00e4ude-300x225.jpg 300w, https:\/\/szemlo-hegyi-barlang.hu\/wp-content\/uploads\/2016\/08\/Szeml\u0151-hegyi-h\u00f6hle-Geb\u00e4ude-768x576.jpg 768w, https:\/\/szemlo-hegyi-barlang.hu\/wp-content\/uploads\/2016\/08\/Szeml\u0151-hegyi-h\u00f6hle-Geb\u00e4ude-1024x768.jpg 1024w, https:\/\/szemlo-hegyi-barlang.hu\/wp-content\/uploads\/2016\/08\/Szeml\u0151-hegyi-h\u00f6hle-Geb\u00e4ude.jpg 1168w\" sizes=\"auto, (max-width: 300px) 100vw, 300px\" \/><\/a>Diese H\u00f6hle wurde 1930 entdeckt. Nach langwieri gen Forschungs- und Bauarbeiten wurde sie 1986 f\u00fcr die \u00d6ffent lichkeit zug\u00e4nglich gemacht. Der ausgebaute Abschnitt kann in Stra\u00dfenkleidung, mit einem Begleiter auch im Rollstuhl besucht werden.<\/p>\n","protected":false},"excerpt":{"rendered":"<p>Diese H\u00f6hle wurde 1930 entdeckt. Nach langwieri gen Forschungs- und Bauarbeiten wurde sie 1986 f\u00fcr die \u00d6ffent lichkeit zug\u00e4nglich gemacht. Der ausgebaute Abschnitt kann in Stra\u00dfenkleidung, mit einem Begleiter auch im Rollstuhl besucht werden.<\/p>\n","protected":false},"author":1,"featured_media":0,"parent":0,"menu_order":0,"comment_status":"closed","ping_status":"closed","template":"","meta":{"footnotes":""},"class_list":["post-254","page","type-page","status-publish","czr-hentry"],"_links":{"self":[{"href":"https:\/\/szemlo-hegyi-barlang.hu\/index.php?rest_route=\/wp\/v2\/pages\/254","targetHints":{"allow":["GET"]}}],"collection":[{"href":"https:\/\/szemlo-hegyi-barlang.hu\/index.php?rest_route=\/wp\/v2\/pages"}],"about":[{"href":"https:\/\/szemlo-hegyi-barlang.hu\/index.php?rest_route=\/wp\/v2\/types\/page"}],"author":[{"embeddable":true,"href":"https:\/\/szemlo-hegyi-barlang.hu\/index.php?rest_route=\/wp\/v2\/users\/1"}],"replies":[{"embeddable":true,"href":"https:\/\/szemlo-hegyi-barlang.hu\/index.php?rest_route=%2Fwp%2Fv2%2Fcomments&post=254"}],"version-history":[{"count":1,"href":"https:\/\/szemlo-hegyi-barlang.hu\/index.php?rest_route=\/wp\/v2\/pages\/254\/revisions"}],"predecessor-version":[{"id":255,"href":"https:\/\/szemlo-hegyi-barlang.hu\/index.php?rest_route=\/wp\/v2\/pages\/254\/revisions\/255"}],"wp:attachment":[{"href":"https:\/\/szemlo-hegyi-barlang.hu\/index.php?rest_route=%2Fwp%2Fv2%2Fmedia&parent=254"}],"curies":[{"name":"wp","href":"https:\/\/api.w.org\/{rel}","templated":true}]}}