{"id":248,"date":"2016-08-22T08:21:11","date_gmt":"2016-08-22T08:21:11","guid":{"rendered":"https:\/\/szemlo-hegyi-barlang.hu\/?page_id=248"},"modified":"2016-08-22T08:21:11","modified_gmt":"2016-08-22T08:21:11","slug":"erbsensteine","status":"publish","type":"page","link":"https:\/\/szemlo-hegyi-barlang.hu\/?page_id=248&lang=de","title":{"rendered":"Erbsensteine"},"content":{"rendered":"<p><a href=\"https:\/\/szemlo-hegyi-barlang.hu\/wp-content\/uploads\/2016\/08\/Szeml\u0151-hegyi-h\u00f6hle-Erbsensteine.jpg\"><img loading=\"lazy\" decoding=\"async\" class=\"size-medium wp-image-245 alignleft\" src=\"https:\/\/szemlo-hegyi-barlang.hu\/wp-content\/uploads\/2016\/08\/Szeml\u0151-hegyi-h\u00f6hle-Erbsensteine-300x225.jpg\" alt=\"Szeml\u0151-hegyi-h\u00f6hle-Erbsensteine\" width=\"300\" height=\"225\" srcset=\"https:\/\/szemlo-hegyi-barlang.hu\/wp-content\/uploads\/2016\/08\/Szeml\u0151-hegyi-h\u00f6hle-Erbsensteine-300x225.jpg 300w, https:\/\/szemlo-hegyi-barlang.hu\/wp-content\/uploads\/2016\/08\/Szeml\u0151-hegyi-h\u00f6hle-Erbsensteine-768x576.jpg 768w, https:\/\/szemlo-hegyi-barlang.hu\/wp-content\/uploads\/2016\/08\/Szeml\u0151-hegyi-h\u00f6hle-Erbsensteine-1024x768.jpg 1024w, https:\/\/szemlo-hegyi-barlang.hu\/wp-content\/uploads\/2016\/08\/Szeml\u0151-hegyi-h\u00f6hle-Erbsensteine.jpg 1168w\" sizes=\"auto, (max-width: 300px) 100vw, 300px\" \/><\/a>Die Szeml\u00f6-hegyi-barlang ist ca. 0,5 &#8211; 1 Millionen Jahre alt und man bezeichnet sie auch als den \u201eunterirdischen Blumengarten&#8221; von Budapest. Diese H\u00f6hle wurde 1930 entdeckt. Nach langwieri gen Forschungs-und Bauarbeiten wurde sie 1986 f\u00fcr die \u00d6ffent lichkeit zug\u00e4nglich gemacht. Verschiedenartige Mineralablage rungen \u00fcberziehen die H\u00f6hlenw\u00e4nde wie eine dicke Decke und k\u00f6nnen auf dem 300 Meter langen ausgebauten H\u00f6hlenabschnitt bewundert werden. In dieser H\u00f6hle kann man \u00fcberall \u201eBlumen aus Stein&#8221; sehen: das sind Erbsensteine, von wenigen Zentime tern Durchmesser, an einigen Stellen Kalzit-Platten, die einen Zentimeter stark und handfl\u00e4chengro\u00df sind und es gibt auch Blumenkohlgebilde von mehreren zehn Zentimetern Gr\u00f6\u00dfe.<br \/>\nDie Luft der H\u00f6hle hat eine hohe Luftfeuchte, sie ist staubfrei und weist eine gelichbleibende Temperatur (12 \u00b0C) auf, sie verf\u00fcgt \u00fcber eine g\u00fcnstige Wirkung bei Bronchitis- und Asthma- Erkrankungen und aus diesem Grund wird sie seit 1990 auch f\u00fcr Therapiezwecke genutzt.<\/p>\n","protected":false},"excerpt":{"rendered":"<p>Die Szeml\u00f6-hegyi-barlang ist ca. 0,5 &#8211; 1 Millionen Jahre alt und man bezeichnet sie auch als den \u201eunterirdischen Blumengarten&#8221; von Budapest. Diese H\u00f6hle wurde 1930 entdeckt. Nach langwieri gen Forschungs-und Bauarbeiten wurde sie 1986 f\u00fcr die \u00d6ffent lichkeit zug\u00e4nglich gemacht. Verschiedenartige Mineralablage rungen \u00fcberziehen die H\u00f6hlenw\u00e4nde wie eine dicke Decke und k\u00f6nnen auf dem 300 [&hellip;]<\/p>\n","protected":false},"author":1,"featured_media":0,"parent":0,"menu_order":0,"comment_status":"closed","ping_status":"closed","template":"","meta":{"footnotes":""},"class_list":["post-248","page","type-page","status-publish","czr-hentry"],"_links":{"self":[{"href":"https:\/\/szemlo-hegyi-barlang.hu\/index.php?rest_route=\/wp\/v2\/pages\/248","targetHints":{"allow":["GET"]}}],"collection":[{"href":"https:\/\/szemlo-hegyi-barlang.hu\/index.php?rest_route=\/wp\/v2\/pages"}],"about":[{"href":"https:\/\/szemlo-hegyi-barlang.hu\/index.php?rest_route=\/wp\/v2\/types\/page"}],"author":[{"embeddable":true,"href":"https:\/\/szemlo-hegyi-barlang.hu\/index.php?rest_route=\/wp\/v2\/users\/1"}],"replies":[{"embeddable":true,"href":"https:\/\/szemlo-hegyi-barlang.hu\/index.php?rest_route=%2Fwp%2Fv2%2Fcomments&post=248"}],"version-history":[{"count":1,"href":"https:\/\/szemlo-hegyi-barlang.hu\/index.php?rest_route=\/wp\/v2\/pages\/248\/revisions"}],"predecessor-version":[{"id":249,"href":"https:\/\/szemlo-hegyi-barlang.hu\/index.php?rest_route=\/wp\/v2\/pages\/248\/revisions\/249"}],"wp:attachment":[{"href":"https:\/\/szemlo-hegyi-barlang.hu\/index.php?rest_route=%2Fwp%2Fv2%2Fmedia&parent=248"}],"curies":[{"name":"wp","href":"https:\/\/api.w.org\/{rel}","templated":true}]}}