{"id":242,"date":"2016-08-22T07:46:22","date_gmt":"2016-08-22T07:46:22","guid":{"rendered":"https:\/\/szemlo-hegyi-barlang.hu\/?page_id=242"},"modified":"2016-08-22T07:46:22","modified_gmt":"2016-08-22T07:46:22","slug":"langer-gang","status":"publish","type":"page","link":"https:\/\/szemlo-hegyi-barlang.hu\/?page_id=242&lang=de","title":{"rendered":"Langer Gang"},"content":{"rendered":"<p><a href=\"https:\/\/szemlo-hegyi-barlang.hu\/wp-content\/uploads\/2016\/08\/Szeml\u0151-hegyi-h\u00f6hle-Langer-Gang.jpg\"><img loading=\"lazy\" decoding=\"async\" class=\"size-medium wp-image-239 alignleft\" src=\"https:\/\/szemlo-hegyi-barlang.hu\/wp-content\/uploads\/2016\/08\/Szeml\u0151-hegyi-h\u00f6hle-Langer-Gang-300x225.jpg\" alt=\"Szeml\u0151-hegyi-h\u00f6hle-Langer Gang\" width=\"300\" height=\"225\" srcset=\"https:\/\/szemlo-hegyi-barlang.hu\/wp-content\/uploads\/2016\/08\/Szeml\u0151-hegyi-h\u00f6hle-Langer-Gang-300x225.jpg 300w, https:\/\/szemlo-hegyi-barlang.hu\/wp-content\/uploads\/2016\/08\/Szeml\u0151-hegyi-h\u00f6hle-Langer-Gang-768x576.jpg 768w, https:\/\/szemlo-hegyi-barlang.hu\/wp-content\/uploads\/2016\/08\/Szeml\u0151-hegyi-h\u00f6hle-Langer-Gang-1024x768.jpg 1024w, https:\/\/szemlo-hegyi-barlang.hu\/wp-content\/uploads\/2016\/08\/Szeml\u0151-hegyi-h\u00f6hle-Langer-Gang.jpg 1168w\" sizes=\"auto, (max-width: 300px) 100vw, 300px\" \/><\/a>Wenn man diesen imposanten Gang betritt, der von hoch aufra-genden W\u00e4nde begrenzt ist, kann man die riesigen Kluften und Risse studieren, die von dem Karstwasser, das einst die Hohl-r\u00e4ume ausf\u00fcllte und mit gro\u00dfer l\u00f6sender Kraft versetzt war, zu einem riesigen Gangsystem und zu H\u00f6hlen erweitert worden sind. An den W\u00e4nden kann man in verschiedenen H\u00f6hen Kalzit-Pl\u00e4ttchen beobachten, die zuerst, als d\u00fcnne Kalk-Haut, an der Oberfl\u00e4che des Thermalwassers entstanden sind. Ihre St\u00e4rke ist st\u00e4ndig dicker geworden, deshalb sind sie letztendlich auf den Boden der H\u00f6hle gesunken und haben sich dort angeh\u00e4uft. Sp\u00e4ter, haben sich, als der Wasserstand zur\u00fcckging, auf ihnen Erbsensteine abgelagert.<\/p>\n","protected":false},"excerpt":{"rendered":"<p>Wenn man diesen imposanten Gang betritt, der von hoch aufra-genden W\u00e4nde begrenzt ist, kann man die riesigen Kluften und Risse studieren, die von dem Karstwasser, das einst die Hohl-r\u00e4ume ausf\u00fcllte und mit gro\u00dfer l\u00f6sender Kraft versetzt war, zu einem riesigen Gangsystem und zu H\u00f6hlen erweitert worden sind. An den W\u00e4nden kann man in verschiedenen H\u00f6hen [&hellip;]<\/p>\n","protected":false},"author":1,"featured_media":0,"parent":0,"menu_order":0,"comment_status":"closed","ping_status":"closed","template":"","meta":{"footnotes":""},"class_list":["post-242","page","type-page","status-publish","czr-hentry"],"_links":{"self":[{"href":"https:\/\/szemlo-hegyi-barlang.hu\/index.php?rest_route=\/wp\/v2\/pages\/242","targetHints":{"allow":["GET"]}}],"collection":[{"href":"https:\/\/szemlo-hegyi-barlang.hu\/index.php?rest_route=\/wp\/v2\/pages"}],"about":[{"href":"https:\/\/szemlo-hegyi-barlang.hu\/index.php?rest_route=\/wp\/v2\/types\/page"}],"author":[{"embeddable":true,"href":"https:\/\/szemlo-hegyi-barlang.hu\/index.php?rest_route=\/wp\/v2\/users\/1"}],"replies":[{"embeddable":true,"href":"https:\/\/szemlo-hegyi-barlang.hu\/index.php?rest_route=%2Fwp%2Fv2%2Fcomments&post=242"}],"version-history":[{"count":1,"href":"https:\/\/szemlo-hegyi-barlang.hu\/index.php?rest_route=\/wp\/v2\/pages\/242\/revisions"}],"predecessor-version":[{"id":243,"href":"https:\/\/szemlo-hegyi-barlang.hu\/index.php?rest_route=\/wp\/v2\/pages\/242\/revisions\/243"}],"wp:attachment":[{"href":"https:\/\/szemlo-hegyi-barlang.hu\/index.php?rest_route=%2Fwp%2Fv2%2Fmedia&parent=242"}],"curies":[{"name":"wp","href":"https:\/\/api.w.org\/{rel}","templated":true}]}}