{"id":225,"date":"2016-08-18T13:45:05","date_gmt":"2016-08-18T13:45:05","guid":{"rendered":"https:\/\/szemlo-hegyi-barlang.hu\/?page_id=225"},"modified":"2016-08-18T18:47:36","modified_gmt":"2016-08-18T18:47:36","slug":"blumengarten","status":"publish","type":"page","link":"https:\/\/szemlo-hegyi-barlang.hu\/?page_id=225&lang=de","title":{"rendered":"Blumengarten"},"content":{"rendered":"<p><a href=\"https:\/\/szemlo-hegyi-barlang.hu\/wp-content\/uploads\/2016\/08\/Szeml\u0151-hegyi-barlang-Vir\u00e1goskert_de.jpg\"><img loading=\"lazy\" decoding=\"async\" class=\"size-medium wp-image-219 alignleft\" src=\"https:\/\/szemlo-hegyi-barlang.hu\/wp-content\/uploads\/2016\/08\/Szeml\u0151-hegyi-barlang-Vir\u00e1goskert_de-225x300.jpg\" alt=\"Szeml\u0151-hegyi-barlang-Vir\u00e1goskert_de\" width=\"225\" height=\"300\" srcset=\"https:\/\/szemlo-hegyi-barlang.hu\/wp-content\/uploads\/2016\/08\/Szeml\u0151-hegyi-barlang-Vir\u00e1goskert_de-225x300.jpg 225w, https:\/\/szemlo-hegyi-barlang.hu\/wp-content\/uploads\/2016\/08\/Szeml\u0151-hegyi-barlang-Vir\u00e1goskert_de-768x1023.jpg 768w, https:\/\/szemlo-hegyi-barlang.hu\/wp-content\/uploads\/2016\/08\/Szeml\u0151-hegyi-barlang-Vir\u00e1goskert_de-769x1024.jpg 769w, https:\/\/szemlo-hegyi-barlang.hu\/wp-content\/uploads\/2016\/08\/Szeml\u0151-hegyi-barlang-Vir\u00e1goskert_de.jpg 1170w\" sizes=\"auto, (max-width: 225px) 100vw, 225px\" \/><\/a>Die Route f\u00fchrt auf dem Gehweg nach rechts, aber wenn man nach links schaut, sieht man den einen in seiner nat\u00fcrlichsten Form belassenen Bereich der H\u00f6hle: den Blumengarten, der im Verlaufe von Jahrmillionen aus Erbsensteinen und Blumenkohl \u201ebepflanzt&#8221; worden ist. Den Gang weiter, nach dem Aufzugss-chacht nach links gehend und zur\u00fcckschauend, erschlie\u00dft sich dem Auge des Betrachters der wundersch\u00f6ne unterirdische Blu-mengarten in voller Pracht.<\/p>\n","protected":false},"excerpt":{"rendered":"<p>Die Route f\u00fchrt auf dem Gehweg nach rechts, aber wenn man nach links schaut, sieht man den einen in seiner nat\u00fcrlichsten Form belassenen Bereich der H\u00f6hle: den Blumengarten, der im Verlaufe von Jahrmillionen aus Erbsensteinen und Blumenkohl \u201ebepflanzt&#8221; worden ist. Den Gang weiter, nach dem Aufzugss-chacht nach links gehend und zur\u00fcckschauend, erschlie\u00dft sich dem Auge [&hellip;]<\/p>\n","protected":false},"author":1,"featured_media":0,"parent":0,"menu_order":0,"comment_status":"closed","ping_status":"closed","template":"","meta":{"footnotes":""},"class_list":["post-225","page","type-page","status-publish","czr-hentry"],"_links":{"self":[{"href":"https:\/\/szemlo-hegyi-barlang.hu\/index.php?rest_route=\/wp\/v2\/pages\/225","targetHints":{"allow":["GET"]}}],"collection":[{"href":"https:\/\/szemlo-hegyi-barlang.hu\/index.php?rest_route=\/wp\/v2\/pages"}],"about":[{"href":"https:\/\/szemlo-hegyi-barlang.hu\/index.php?rest_route=\/wp\/v2\/types\/page"}],"author":[{"embeddable":true,"href":"https:\/\/szemlo-hegyi-barlang.hu\/index.php?rest_route=\/wp\/v2\/users\/1"}],"replies":[{"embeddable":true,"href":"https:\/\/szemlo-hegyi-barlang.hu\/index.php?rest_route=%2Fwp%2Fv2%2Fcomments&post=225"}],"version-history":[{"count":1,"href":"https:\/\/szemlo-hegyi-barlang.hu\/index.php?rest_route=\/wp\/v2\/pages\/225\/revisions"}],"predecessor-version":[{"id":226,"href":"https:\/\/szemlo-hegyi-barlang.hu\/index.php?rest_route=\/wp\/v2\/pages\/225\/revisions\/226"}],"wp:attachment":[{"href":"https:\/\/szemlo-hegyi-barlang.hu\/index.php?rest_route=%2Fwp%2Fv2%2Fmedia&parent=225"}],"curies":[{"name":"wp","href":"https:\/\/api.w.org\/{rel}","templated":true}]}}