{"id":179,"date":"2016-08-26T09:51:58","date_gmt":"2016-08-26T09:51:58","guid":{"rendered":"https:\/\/szemlo-hegyi-barlang.hu\/?page_id=179"},"modified":"2020-06-19T17:52:48","modified_gmt":"2020-06-19T17:52:48","slug":"offnungszeiten","status":"publish","type":"page","link":"https:\/\/szemlo-hegyi-barlang.hu\/?page_id=179&lang=de","title":{"rendered":"\u00d6ffnungszeiten"},"content":{"rendered":"<p>Von Mittwoch bis Montag\u00a0jeweils von 10 bis 16 Uhr ge\u00f6ffnet<\/p>\n<p>(dienstags geschlossen)<\/p>\n<p>Die H\u00f6hle kann nur in Begleitung eines H\u00f6hlenf\u00fchrers besichtigt werden &#8211; die F\u00fchrungen starten zu jeder vollen Stunde.<\/p>\n<p>F\u00fchrungsdauer: ca. 40 Minuten<\/p>\n<p>Adresse:\u00a0Pusztaszeri Stra\u00dfe 35, Budapest H-1025<\/p>\n","protected":false},"excerpt":{"rendered":"<p>Von Mittwoch bis Montag\u00a0jeweils von 10 bis 16 Uhr ge\u00f6ffnet (dienstags geschlossen) Die H\u00f6hle kann nur in Begleitung eines H\u00f6hlenf\u00fchrers besichtigt werden &#8211; die F\u00fchrungen starten zu jeder vollen Stunde. F\u00fchrungsdauer: ca. 40 Minuten Adresse:\u00a0Pusztaszeri Stra\u00dfe 35, Budapest H-1025<\/p>\n","protected":false},"author":1,"featured_media":0,"parent":0,"menu_order":0,"comment_status":"closed","ping_status":"closed","template":"","meta":{"footnotes":""},"class_list":["post-179","page","type-page","status-publish","czr-hentry"],"_links":{"self":[{"href":"https:\/\/szemlo-hegyi-barlang.hu\/index.php?rest_route=\/wp\/v2\/pages\/179","targetHints":{"allow":["GET"]}}],"collection":[{"href":"https:\/\/szemlo-hegyi-barlang.hu\/index.php?rest_route=\/wp\/v2\/pages"}],"about":[{"href":"https:\/\/szemlo-hegyi-barlang.hu\/index.php?rest_route=\/wp\/v2\/types\/page"}],"author":[{"embeddable":true,"href":"https:\/\/szemlo-hegyi-barlang.hu\/index.php?rest_route=\/wp\/v2\/users\/1"}],"replies":[{"embeddable":true,"href":"https:\/\/szemlo-hegyi-barlang.hu\/index.php?rest_route=%2Fwp%2Fv2%2Fcomments&post=179"}],"version-history":[{"count":5,"href":"https:\/\/szemlo-hegyi-barlang.hu\/index.php?rest_route=\/wp\/v2\/pages\/179\/revisions"}],"predecessor-version":[{"id":688,"href":"https:\/\/szemlo-hegyi-barlang.hu\/index.php?rest_route=\/wp\/v2\/pages\/179\/revisions\/688"}],"wp:attachment":[{"href":"https:\/\/szemlo-hegyi-barlang.hu\/index.php?rest_route=%2Fwp%2Fv2%2Fmedia&parent=179"}],"curies":[{"name":"wp","href":"https:\/\/api.w.org\/{rel}","templated":true}]}}