{"id":159,"date":"2016-08-22T12:45:13","date_gmt":"2016-08-22T12:45:13","guid":{"rendered":"https:\/\/szemlo-hegyi-barlang.hu\/?page_id=159"},"modified":"2016-08-19T17:57:41","modified_gmt":"2016-08-19T17:57:41","slug":"kadic-szakasz","status":"publish","type":"page","link":"https:\/\/szemlo-hegyi-barlang.hu\/?page_id=159&lang=hu","title":{"rendered":"Kadi\u010d-szakasz"},"content":{"rendered":"<p class=\"Szvegtrzs1\" style=\"background: transparent; margin: 0cm 1.0pt 9.0pt 1.0pt;\">A l\u00e9tr\u00e1n\u00e1l ugyan tov\u00e1bb menn\u00fcnk nem lehet, de a l\u00e9tra azt sejteti, hogy valaminek kell m\u00e9g ott lennie! 1958-ban tal\u00e1lt\u00e1k meg azt a 280 m\u00e9ter hossz\u00fa j\u00e1ratot, amelyet a barlang egyik els\u0151 tudom\u00e1nyos felm\u00e9r\u0151j\u00e9r\u0151l, Kadic Ottok\u00e1rr\u00f3l neveztek el. A kiz\u00e1r\u00f3lag barlang\u00e1szok sz\u00e1m\u00e1ra j\u00e1rhat\u00f3 folyos\u00f3 v\u00e9g\u00e9n ter\u00fcl el a K\u00f6zgy\u0171l\u00e9s terem, illetve a szakasz 50 m\u00e9ter m\u00e9lyen l\u00e9v\u0151 v\u00e9g\u00adpontj\u00e1ban megtal\u00e1lt\u00e1k a barlang\u00e1szok a F\u00f6ld sz\u00edv\u00e9t.<\/p>\n","protected":false},"excerpt":{"rendered":"<p>A l\u00e9tr\u00e1n\u00e1l ugyan tov\u00e1bb menn\u00fcnk nem lehet, de a l\u00e9tra azt sejteti, hogy valaminek kell m\u00e9g ott lennie! 1958-ban tal\u00e1lt\u00e1k meg azt a 280 m\u00e9ter hossz\u00fa j\u00e1ratot, amelyet a barlang egyik els\u0151 tudom\u00e1nyos felm\u00e9r\u0151j\u00e9r\u0151l, Kadic Ottok\u00e1rr\u00f3l neveztek el. A kiz\u00e1r\u00f3lag barlang\u00e1szok sz\u00e1m\u00e1ra j\u00e1rhat\u00f3 folyos\u00f3 v\u00e9g\u00e9n ter\u00fcl el a K\u00f6zgy\u0171l\u00e9s terem, illetve a szakasz 50 m\u00e9ter [&hellip;]<\/p>\n","protected":false},"author":1,"featured_media":0,"parent":0,"menu_order":0,"comment_status":"closed","ping_status":"closed","template":"","meta":{"footnotes":""},"class_list":["post-159","page","type-page","status-publish","czr-hentry"],"_links":{"self":[{"href":"https:\/\/szemlo-hegyi-barlang.hu\/index.php?rest_route=\/wp\/v2\/pages\/159","targetHints":{"allow":["GET"]}}],"collection":[{"href":"https:\/\/szemlo-hegyi-barlang.hu\/index.php?rest_route=\/wp\/v2\/pages"}],"about":[{"href":"https:\/\/szemlo-hegyi-barlang.hu\/index.php?rest_route=\/wp\/v2\/types\/page"}],"author":[{"embeddable":true,"href":"https:\/\/szemlo-hegyi-barlang.hu\/index.php?rest_route=\/wp\/v2\/users\/1"}],"replies":[{"embeddable":true,"href":"https:\/\/szemlo-hegyi-barlang.hu\/index.php?rest_route=%2Fwp%2Fv2%2Fcomments&post=159"}],"version-history":[{"count":1,"href":"https:\/\/szemlo-hegyi-barlang.hu\/index.php?rest_route=\/wp\/v2\/pages\/159\/revisions"}],"predecessor-version":[{"id":160,"href":"https:\/\/szemlo-hegyi-barlang.hu\/index.php?rest_route=\/wp\/v2\/pages\/159\/revisions\/160"}],"wp:attachment":[{"href":"https:\/\/szemlo-hegyi-barlang.hu\/index.php?rest_route=%2Fwp%2Fv2%2Fmedia&parent=159"}],"curies":[{"name":"wp","href":"https:\/\/api.w.org\/{rel}","templated":true}]}}