{"id":153,"date":"2016-08-22T12:37:33","date_gmt":"2016-08-22T12:37:33","guid":{"rendered":"https:\/\/szemlo-hegyi-barlang.hu\/?page_id=153"},"modified":"2016-08-19T17:56:57","modified_gmt":"2016-08-19T17:56:57","slug":"elagazas","status":"publish","type":"page","link":"https:\/\/szemlo-hegyi-barlang.hu\/?page_id=153&lang=hu","title":{"rendered":"El\u00e1gaz\u00e1s"},"content":{"rendered":"<p>Innen k\u00e9tfel\u00e9 vezet tov\u00e1bb az \u00fat, de nem lehet elt\u00e9vedni, mert mindkett\u0151 ugyanoda \u00e9rkezik. A kerekes sz\u00e9kes l\u00e1togat\u00f3ink \u00fatja a bal oldali folyos\u00f3n vezet, majd ennek v\u00e9g\u00e9n a l\u00e9pcs\u0151 miatt vissza kell fordulniuk \u00e9s az eddig megtett \u00faton visszat\u00e9rni a fogad\u00f3\u00e9p\u00fcletbe.<\/p>\n","protected":false},"excerpt":{"rendered":"<p>Innen k\u00e9tfel\u00e9 vezet tov\u00e1bb az \u00fat, de nem lehet elt\u00e9vedni, mert mindkett\u0151 ugyanoda \u00e9rkezik. A kerekes sz\u00e9kes l\u00e1togat\u00f3ink \u00fatja a bal oldali folyos\u00f3n vezet, majd ennek v\u00e9g\u00e9n a l\u00e9pcs\u0151 miatt vissza kell fordulniuk \u00e9s az eddig megtett \u00faton visszat\u00e9rni a fogad\u00f3\u00e9p\u00fcletbe.<\/p>\n","protected":false},"author":1,"featured_media":0,"parent":0,"menu_order":0,"comment_status":"closed","ping_status":"closed","template":"","meta":{"footnotes":""},"class_list":["post-153","page","type-page","status-publish","czr-hentry"],"_links":{"self":[{"href":"https:\/\/szemlo-hegyi-barlang.hu\/index.php?rest_route=\/wp\/v2\/pages\/153","targetHints":{"allow":["GET"]}}],"collection":[{"href":"https:\/\/szemlo-hegyi-barlang.hu\/index.php?rest_route=\/wp\/v2\/pages"}],"about":[{"href":"https:\/\/szemlo-hegyi-barlang.hu\/index.php?rest_route=\/wp\/v2\/types\/page"}],"author":[{"embeddable":true,"href":"https:\/\/szemlo-hegyi-barlang.hu\/index.php?rest_route=\/wp\/v2\/users\/1"}],"replies":[{"embeddable":true,"href":"https:\/\/szemlo-hegyi-barlang.hu\/index.php?rest_route=%2Fwp%2Fv2%2Fcomments&post=153"}],"version-history":[{"count":1,"href":"https:\/\/szemlo-hegyi-barlang.hu\/index.php?rest_route=\/wp\/v2\/pages\/153\/revisions"}],"predecessor-version":[{"id":154,"href":"https:\/\/szemlo-hegyi-barlang.hu\/index.php?rest_route=\/wp\/v2\/pages\/153\/revisions\/154"}],"wp:attachment":[{"href":"https:\/\/szemlo-hegyi-barlang.hu\/index.php?rest_route=%2Fwp%2Fv2%2Fmedia&parent=153"}],"curies":[{"name":"wp","href":"https:\/\/api.w.org\/{rel}","templated":true}]}}