{"id":147,"date":"2016-08-22T12:40:39","date_gmt":"2016-08-22T12:40:39","guid":{"rendered":"https:\/\/szemlo-hegyi-barlang.hu\/?page_id=147"},"modified":"2016-08-19T17:57:12","modified_gmt":"2016-08-19T17:57:12","slug":"ferencvarosi-terem","status":"publish","type":"page","link":"https:\/\/szemlo-hegyi-barlang.hu\/?page_id=147&lang=hu","title":{"rendered":"Ferencv\u00e1rosi-terem"},"content":{"rendered":"<p class=\"Szvegtrzs1\" style=\"background: transparent;\">T\u00far\u00e1nk els\u0151 \u00e1llom\u00e1sa a Ferencv\u00e1rosi-terem. Nev\u00e9t arr\u00f3l a barlangkutat\u00f3 csoportr\u00f3l kapta, akik 1973-ban el\u0151sz\u00f6r jutot\u00adtak be ide. \u0150k akkor m\u00e9g a mostani bej\u00e1rati vasajt\u00f3val szem\u00adbeni hatalmas omlad\u00e9kon kereszt\u00fcl, az Agyagos-szakaszb\u00f3l \u00e9rkeztek. A barlangban val\u00f3 k\u00f6nnyebb t\u00e1j\u00e9koz\u00f3d\u00e1s \u00e9rdek\u00e9\u00adben a barlang\u00e1szok elnevezik a legjellegzetesebb alakzatokat, szikl\u00e1kat. A j\u00f3 fant\u00e1zi\u00e1j\u00fa kutat\u00f3knak k\u00f6sz\u00f6nhet\u0151en itt egy j\u00e9g\u00adt\u00e1bl\u00e1k k\u00f6z\u00f6tt s\u00fcllyed\u0151 haj\u00f3 \u00e9s egy \u00fasz\u00f3 jegesmedve t\u00f6rt\u00e9net\u00e9t l\u00e1thatjuk k\u0151b\u0151l \u00e9s \u00e1sv\u00e1nykiv\u00e1l\u00e1sb\u00f3l kialakulva. A terem k\u00f6ze\u00adp\u00e9n l\u00f3g\u00f3, bors\u00f3k\u0151vel bor\u00edtott szikla az Any\u00f3snyelv n\u00e9vre hall\u00adgat. Mellette a teljess\u00e9g kedv\u00e9\u00e9rt a kisebb Ap\u00f3snyelv, vagy m\u00e1s n\u00e9ven Menyecskenyelv l\u00e1that\u00f3.<\/p>\n","protected":false},"excerpt":{"rendered":"<p>T\u00far\u00e1nk els\u0151 \u00e1llom\u00e1sa a Ferencv\u00e1rosi-terem. Nev\u00e9t arr\u00f3l a barlangkutat\u00f3 csoportr\u00f3l kapta, akik 1973-ban el\u0151sz\u00f6r jutot\u00adtak be ide. \u0150k akkor m\u00e9g a mostani bej\u00e1rati vasajt\u00f3val szem\u00adbeni hatalmas omlad\u00e9kon kereszt\u00fcl, az Agyagos-szakaszb\u00f3l \u00e9rkeztek. A barlangban val\u00f3 k\u00f6nnyebb t\u00e1j\u00e9koz\u00f3d\u00e1s \u00e9rdek\u00e9\u00adben a barlang\u00e1szok elnevezik a legjellegzetesebb alakzatokat, szikl\u00e1kat. A j\u00f3 fant\u00e1zi\u00e1j\u00fa kutat\u00f3knak k\u00f6sz\u00f6nhet\u0151en itt egy j\u00e9g\u00adt\u00e1bl\u00e1k k\u00f6z\u00f6tt s\u00fcllyed\u0151 haj\u00f3 [&hellip;]<\/p>\n","protected":false},"author":1,"featured_media":0,"parent":0,"menu_order":0,"comment_status":"closed","ping_status":"closed","template":"","meta":{"footnotes":""},"class_list":["post-147","page","type-page","status-publish","czr-hentry"],"_links":{"self":[{"href":"https:\/\/szemlo-hegyi-barlang.hu\/index.php?rest_route=\/wp\/v2\/pages\/147","targetHints":{"allow":["GET"]}}],"collection":[{"href":"https:\/\/szemlo-hegyi-barlang.hu\/index.php?rest_route=\/wp\/v2\/pages"}],"about":[{"href":"https:\/\/szemlo-hegyi-barlang.hu\/index.php?rest_route=\/wp\/v2\/types\/page"}],"author":[{"embeddable":true,"href":"https:\/\/szemlo-hegyi-barlang.hu\/index.php?rest_route=\/wp\/v2\/users\/1"}],"replies":[{"embeddable":true,"href":"https:\/\/szemlo-hegyi-barlang.hu\/index.php?rest_route=%2Fwp%2Fv2%2Fcomments&post=147"}],"version-history":[{"count":1,"href":"https:\/\/szemlo-hegyi-barlang.hu\/index.php?rest_route=\/wp\/v2\/pages\/147\/revisions"}],"predecessor-version":[{"id":148,"href":"https:\/\/szemlo-hegyi-barlang.hu\/index.php?rest_route=\/wp\/v2\/pages\/147\/revisions\/148"}],"wp:attachment":[{"href":"https:\/\/szemlo-hegyi-barlang.hu\/index.php?rest_route=%2Fwp%2Fv2%2Fmedia&parent=147"}],"curies":[{"name":"wp","href":"https:\/\/api.w.org\/{rel}","templated":true}]}}