{"id":132,"date":"2016-08-22T09:27:42","date_gmt":"2016-08-22T09:27:42","guid":{"rendered":"https:\/\/szemlo-hegyi-barlang.hu\/?page_id=132"},"modified":"2016-08-16T16:09:57","modified_gmt":"2016-08-16T16:09:57","slug":"kiepites","status":"publish","type":"page","link":"https:\/\/szemlo-hegyi-barlang.hu\/?page_id=132&lang=hu","title":{"rendered":"Ki\u00e9p\u00edt\u00e9s"},"content":{"rendered":"<p class=\"Szvegtrzs1\" style=\"background: transparent; margin: 0cm 1.0pt 9.0pt 1.0pt;\"><a href=\"https:\/\/szemlo-hegyi-barlang.hu\/wp-content\/uploads\/2014\/03\/Szeml\u0151-hegyi-barlang-J\u00e1rda.jpg\"><img loading=\"lazy\" decoding=\"async\" class=\"size-medium wp-image-23 alignleft\" src=\"https:\/\/szemlo-hegyi-barlang.hu\/wp-content\/uploads\/2014\/03\/Szeml\u0151-hegyi-barlang-J\u00e1rda-300x225.jpg\" alt=\"Szeml\u0151-hegyi-barlang J\u00e1rda\" width=\"300\" height=\"225\" srcset=\"https:\/\/szemlo-hegyi-barlang.hu\/wp-content\/uploads\/2014\/03\/Szeml\u0151-hegyi-barlang-J\u00e1rda-300x225.jpg 300w, https:\/\/szemlo-hegyi-barlang.hu\/wp-content\/uploads\/2014\/03\/Szeml\u0151-hegyi-barlang-J\u00e1rda-1024x768.jpg 1024w, https:\/\/szemlo-hegyi-barlang.hu\/wp-content\/uploads\/2014\/03\/Szeml\u0151-hegyi-barlang-J\u00e1rda.jpg 1168w\" sizes=\"auto, (max-width: 300px) 100vw, 300px\" \/><\/a>A barlangot 1930-ban fedezt\u00e9k fel. Hossz\u00fa kutat\u00e1si \u00e9s \u00e9p\u00edt\u00e9si munk\u00e1k ut\u00e1n 1986-ban nyitott\u00e1k meg a nagyk\u00f6z\u00f6ns\u00e9g sz\u00e1m\u00e1ra. A ki\u00e9p\u00edtett szakasz utcai viseletben, seg\u00edt\u0151vel kerekes sz\u00e9kkel is l\u00e1togathat\u00f3.<\/p>\n","protected":false},"excerpt":{"rendered":"<p>A barlangot 1930-ban fedezt\u00e9k fel. Hossz\u00fa kutat\u00e1si \u00e9s \u00e9p\u00edt\u00e9si munk\u00e1k ut\u00e1n 1986-ban nyitott\u00e1k meg a nagyk\u00f6z\u00f6ns\u00e9g sz\u00e1m\u00e1ra. A ki\u00e9p\u00edtett szakasz utcai viseletben, seg\u00edt\u0151vel kerekes sz\u00e9kkel is l\u00e1togathat\u00f3.<\/p>\n","protected":false},"author":1,"featured_media":0,"parent":0,"menu_order":0,"comment_status":"closed","ping_status":"closed","template":"","meta":{"footnotes":""},"class_list":["post-132","page","type-page","status-publish","czr-hentry"],"_links":{"self":[{"href":"https:\/\/szemlo-hegyi-barlang.hu\/index.php?rest_route=\/wp\/v2\/pages\/132","targetHints":{"allow":["GET"]}}],"collection":[{"href":"https:\/\/szemlo-hegyi-barlang.hu\/index.php?rest_route=\/wp\/v2\/pages"}],"about":[{"href":"https:\/\/szemlo-hegyi-barlang.hu\/index.php?rest_route=\/wp\/v2\/types\/page"}],"author":[{"embeddable":true,"href":"https:\/\/szemlo-hegyi-barlang.hu\/index.php?rest_route=\/wp\/v2\/users\/1"}],"replies":[{"embeddable":true,"href":"https:\/\/szemlo-hegyi-barlang.hu\/index.php?rest_route=%2Fwp%2Fv2%2Fcomments&post=132"}],"version-history":[{"count":1,"href":"https:\/\/szemlo-hegyi-barlang.hu\/index.php?rest_route=\/wp\/v2\/pages\/132\/revisions"}],"predecessor-version":[{"id":133,"href":"https:\/\/szemlo-hegyi-barlang.hu\/index.php?rest_route=\/wp\/v2\/pages\/132\/revisions\/133"}],"wp:attachment":[{"href":"https:\/\/szemlo-hegyi-barlang.hu\/index.php?rest_route=%2Fwp%2Fv2%2Fmedia&parent=132"}],"curies":[{"name":"wp","href":"https:\/\/api.w.org\/{rel}","templated":true}]}}