{"id":130,"date":"2016-08-22T08:21:11","date_gmt":"2016-08-22T08:21:11","guid":{"rendered":"https:\/\/szemlo-hegyi-barlang.hu\/?page_id=130"},"modified":"2016-08-16T16:06:39","modified_gmt":"2016-08-16T16:06:39","slug":"borsoko","status":"publish","type":"page","link":"https:\/\/szemlo-hegyi-barlang.hu\/?page_id=130&lang=hu","title":{"rendered":"Bors\u00f3k\u0151"},"content":{"rendered":"<p class=\"Szvegtrzs1\" style=\"background: transparent; margin: 0cm 1.0pt .0001pt 1.0pt;\"><a href=\"https:\/\/szemlo-hegyi-barlang.hu\/wp-content\/uploads\/2014\/03\/Szeml\u0151-hegyi-barlang-Bors\u00f3k\u0151.jpg\"><img loading=\"lazy\" decoding=\"async\" class=\"size-medium wp-image-21 alignleft\" src=\"https:\/\/szemlo-hegyi-barlang.hu\/wp-content\/uploads\/2014\/03\/Szeml\u0151-hegyi-barlang-Bors\u00f3k\u0151-300x225.jpg\" alt=\"Szeml\u0151-hegyi-barlang Bors\u00f3k\u0151\" width=\"300\" height=\"225\" srcset=\"https:\/\/szemlo-hegyi-barlang.hu\/wp-content\/uploads\/2014\/03\/Szeml\u0151-hegyi-barlang-Bors\u00f3k\u0151-300x225.jpg 300w, https:\/\/szemlo-hegyi-barlang.hu\/wp-content\/uploads\/2014\/03\/Szeml\u0151-hegyi-barlang-Bors\u00f3k\u0151-1024x768.jpg 1024w, https:\/\/szemlo-hegyi-barlang.hu\/wp-content\/uploads\/2014\/03\/Szeml\u0151-hegyi-barlang-Bors\u00f3k\u0151.jpg 1168w\" sizes=\"auto, (max-width: 300px) 100vw, 300px\" \/><\/a>A kb. 0,5 &#8211; 1 milli\u00f3 \u00e9ves Szeml\u0151-hegyi-barlangot szokt\u00e1k Bu\u00addapest \u201ef\u00f6ld alatti vir\u00e1goskertj\u00e9nek&#8221; is nevezni. A barlangot 1930-ban fedezt\u00e9k fel. Hossz\u00fa kutat\u00e1si \u00e9s \u00e9p\u00edt\u00e9si munk\u00e1k ut\u00e1n 1986-ban nyitott\u00e1k meg a nagyk\u00f6z\u00f6ns\u00e9g sz\u00e1m\u00e1ra. A falait vas\u00adtag paplank\u00e9nt bor\u00edt\u00f3 \u00e1sv\u00e1nykiv\u00e1l\u00e1sok v\u00e1ltozatos form\u00e1i a barlang 300 m hosszan ki\u00e9p\u00edtett szakasz\u00e1n csod\u00e1lhatok meg. A barlangban mindenfel\u00e9 l\u00e1that\u00f3k \u201ek\u0151vir\u00e1gok&#8221;: a n\u00e9h\u00e1ny cm \u00e1tm\u00e9r\u0151j\u0171 bors\u00f3k\u00f6vek; a n\u00e9hol egy cm vastags\u00e1got el\u00e9r\u0151, te\u00adny\u00e9rnyi fel\u00fclet\u0171 kalcitlemezek \u00e9s a t\u00f6bb t\u00edz cm nagys\u00e1g\u00fa kar\u00adfiolok. A barlang magas p\u00e1ratartalm\u00fa, pormentes \u00e9s \u00e1lland\u00f3 h\u0151m\u00e9rs\u00e9klet\u0171 (12 \u00b0C) leveg\u0151je kedvez\u0151 hat\u00e1s\u00fa a bronchitises, asztm\u00e1s megbeteged\u00e9sekre, ez\u00e9rt 1990 \u00f3ta gy\u00f3gyter\u00e1pi\u00e1s c\u00e9lokat is szolg\u00e1l.<\/p>\n","protected":false},"excerpt":{"rendered":"<p>A kb. 0,5 &#8211; 1 milli\u00f3 \u00e9ves Szeml\u0151-hegyi-barlangot szokt\u00e1k Bu\u00addapest \u201ef\u00f6ld alatti vir\u00e1goskertj\u00e9nek&#8221; is nevezni. A barlangot 1930-ban fedezt\u00e9k fel. Hossz\u00fa kutat\u00e1si \u00e9s \u00e9p\u00edt\u00e9si munk\u00e1k ut\u00e1n 1986-ban nyitott\u00e1k meg a nagyk\u00f6z\u00f6ns\u00e9g sz\u00e1m\u00e1ra. A falait vas\u00adtag paplank\u00e9nt bor\u00edt\u00f3 \u00e1sv\u00e1nykiv\u00e1l\u00e1sok v\u00e1ltozatos form\u00e1i a barlang 300 m hosszan ki\u00e9p\u00edtett szakasz\u00e1n csod\u00e1lhatok meg. A barlangban mindenfel\u00e9 l\u00e1that\u00f3k \u201ek\u0151vir\u00e1gok&#8221;: a [&hellip;]<\/p>\n","protected":false},"author":1,"featured_media":0,"parent":0,"menu_order":0,"comment_status":"closed","ping_status":"closed","template":"","meta":{"footnotes":""},"class_list":["post-130","page","type-page","status-publish","czr-hentry"],"_links":{"self":[{"href":"https:\/\/szemlo-hegyi-barlang.hu\/index.php?rest_route=\/wp\/v2\/pages\/130","targetHints":{"allow":["GET"]}}],"collection":[{"href":"https:\/\/szemlo-hegyi-barlang.hu\/index.php?rest_route=\/wp\/v2\/pages"}],"about":[{"href":"https:\/\/szemlo-hegyi-barlang.hu\/index.php?rest_route=\/wp\/v2\/types\/page"}],"author":[{"embeddable":true,"href":"https:\/\/szemlo-hegyi-barlang.hu\/index.php?rest_route=\/wp\/v2\/users\/1"}],"replies":[{"embeddable":true,"href":"https:\/\/szemlo-hegyi-barlang.hu\/index.php?rest_route=%2Fwp%2Fv2%2Fcomments&post=130"}],"version-history":[{"count":1,"href":"https:\/\/szemlo-hegyi-barlang.hu\/index.php?rest_route=\/wp\/v2\/pages\/130\/revisions"}],"predecessor-version":[{"id":131,"href":"https:\/\/szemlo-hegyi-barlang.hu\/index.php?rest_route=\/wp\/v2\/pages\/130\/revisions\/131"}],"wp:attachment":[{"href":"https:\/\/szemlo-hegyi-barlang.hu\/index.php?rest_route=%2Fwp%2Fv2%2Fmedia&parent=130"}],"curies":[{"name":"wp","href":"https:\/\/api.w.org\/{rel}","templated":true}]}}