{"id":114,"date":"2016-08-18T13:45:05","date_gmt":"2016-08-18T13:45:05","guid":{"rendered":"https:\/\/szemlo-hegyi-barlang.hu\/?page_id=114"},"modified":"2016-08-18T18:41:25","modified_gmt":"2016-08-18T18:41:25","slug":"viragoskert","status":"publish","type":"page","link":"https:\/\/szemlo-hegyi-barlang.hu\/?page_id=114&lang=hu","title":{"rendered":"Vir\u00e1goskert"},"content":{"rendered":"<p class=\"Szvegtrzs1\" style=\"text-align: left; background: transparent;\"><a href=\"https:\/\/szemlo-hegyi-barlang.hu\/wp-content\/uploads\/2016\/08\/Szeml\u0151-hegyi-barlang-Vir\u00e1goskert.jpg\"><img loading=\"lazy\" decoding=\"async\" class=\"size-medium wp-image-218 alignleft\" src=\"https:\/\/szemlo-hegyi-barlang.hu\/wp-content\/uploads\/2016\/08\/Szeml\u0151-hegyi-barlang-Vir\u00e1goskert-225x300.jpg\" alt=\"Szeml\u0151-hegyi-barlang-Vir\u00e1goskert\" width=\"225\" height=\"300\" srcset=\"https:\/\/szemlo-hegyi-barlang.hu\/wp-content\/uploads\/2016\/08\/Szeml\u0151-hegyi-barlang-Vir\u00e1goskert-225x300.jpg 225w, https:\/\/szemlo-hegyi-barlang.hu\/wp-content\/uploads\/2016\/08\/Szeml\u0151-hegyi-barlang-Vir\u00e1goskert-768x1023.jpg 768w, https:\/\/szemlo-hegyi-barlang.hu\/wp-content\/uploads\/2016\/08\/Szeml\u0151-hegyi-barlang-Vir\u00e1goskert-769x1024.jpg 769w, https:\/\/szemlo-hegyi-barlang.hu\/wp-content\/uploads\/2016\/08\/Szeml\u0151-hegyi-barlang-Vir\u00e1goskert.jpg 1170w\" sizes=\"auto, (max-width: 225px) 100vw, 225px\" \/><\/a>Utunk a j\u00e1rd\u00e1n jobbra kanyarodik, \u00e1m balra tekintve a barlang egyik legterm\u00e9szetesebben hagyott, bors\u00f3k\u00f6vekb\u0151l \u00e9s karfi\u00adolokb\u00f3l \u00e9vmilli\u00f3k alatt \u201e\u00fcltetett&#8221; vir\u00e1goskertet l\u00e1tjuk meg. A fo\u00adlyos\u00f3n tov\u00e1bb menve, a liftakna ut\u00e1n ism\u00e9t balra n\u00e9zve, vissza\u00adtekintve teljes pomp\u00e1j\u00e1ban t\u00e1rul f\u00f6l el\u0151tt\u00fcnk ez a csodasz\u00e9p f\u00f6ld alatti vir\u00e1goskert.<\/p>\n","protected":false},"excerpt":{"rendered":"<p>Utunk a j\u00e1rd\u00e1n jobbra kanyarodik, \u00e1m balra tekintve a barlang egyik legterm\u00e9szetesebben hagyott, bors\u00f3k\u00f6vekb\u0151l \u00e9s karfi\u00adolokb\u00f3l \u00e9vmilli\u00f3k alatt \u201e\u00fcltetett&#8221; vir\u00e1goskertet l\u00e1tjuk meg. A fo\u00adlyos\u00f3n tov\u00e1bb menve, a liftakna ut\u00e1n ism\u00e9t balra n\u00e9zve, vissza\u00adtekintve teljes pomp\u00e1j\u00e1ban t\u00e1rul f\u00f6l el\u0151tt\u00fcnk ez a csodasz\u00e9p f\u00f6ld alatti vir\u00e1goskert.<\/p>\n","protected":false},"author":1,"featured_media":0,"parent":0,"menu_order":0,"comment_status":"closed","ping_status":"closed","template":"","meta":{"footnotes":""},"class_list":["post-114","page","type-page","status-publish","czr-hentry"],"_links":{"self":[{"href":"https:\/\/szemlo-hegyi-barlang.hu\/index.php?rest_route=\/wp\/v2\/pages\/114","targetHints":{"allow":["GET"]}}],"collection":[{"href":"https:\/\/szemlo-hegyi-barlang.hu\/index.php?rest_route=\/wp\/v2\/pages"}],"about":[{"href":"https:\/\/szemlo-hegyi-barlang.hu\/index.php?rest_route=\/wp\/v2\/types\/page"}],"author":[{"embeddable":true,"href":"https:\/\/szemlo-hegyi-barlang.hu\/index.php?rest_route=\/wp\/v2\/users\/1"}],"replies":[{"embeddable":true,"href":"https:\/\/szemlo-hegyi-barlang.hu\/index.php?rest_route=%2Fwp%2Fv2%2Fcomments&post=114"}],"version-history":[{"count":2,"href":"https:\/\/szemlo-hegyi-barlang.hu\/index.php?rest_route=\/wp\/v2\/pages\/114\/revisions"}],"predecessor-version":[{"id":222,"href":"https:\/\/szemlo-hegyi-barlang.hu\/index.php?rest_route=\/wp\/v2\/pages\/114\/revisions\/222"}],"wp:attachment":[{"href":"https:\/\/szemlo-hegyi-barlang.hu\/index.php?rest_route=%2Fwp%2Fv2%2Fmedia&parent=114"}],"curies":[{"name":"wp","href":"https:\/\/api.w.org\/{rel}","templated":true}]}}